{"id":37674,"date":"2024-03-29T06:44:00","date_gmt":"2024-03-29T06:44:00","guid":{"rendered":"https:\/\/bugoynesopplevelser.no\/?post_type=product&#038;p=37674"},"modified":"2025-09-01T16:21:12","modified_gmt":"2025-09-01T14:21:12","slug":"jaameren-sauna","status":"publish","type":"product","link":"https:\/\/bugoynesopplevelser.no\/fi\/tuote\/jaameren-sauna\/","title":{"rendered":"J\u00e4\u00e4meren sauna"},"content":{"rendered":"<div data-elementor-type=\"product-post\" data-elementor-id=\"37674\" class=\"elementor elementor-37674\" data-elementor-post-type=\"product\">\n\t\t\t\t<div class=\"elementor-element elementor-element-1bb6830c e-flex e-con-boxed e-con e-parent\" data-id=\"1bb6830c\" data-element_type=\"container\" data-e-type=\"container\">\n\t\t\t\t\t<div class=\"e-con-inner\">\n\t\t\t\t<div class=\"elementor-element elementor-element-6107c52d elementor-widget elementor-widget-text-editor\" data-id=\"6107c52d\" data-element_type=\"widget\" data-e-type=\"widget\" data-widget_type=\"text-editor.default\">\n\t\t\t\t<div class=\"elementor-widget-container\">\n\t\t\t\t\t\t\t\t\t<div class=\"\">Saunamme on nimelt\u00e4\u00e4n J\u00e4\u00e4meren Sauna. Nimi tarkoittaa \"J\u00e4\u00e4meren saunaa\", koska sauna sijaitsee aivan meren \u00e4\u00e4rell\u00e4.<\/div><div class=\"\">\u00a0<\/div><div class=\"\">Puul\u00e4mmitteinen saunamme tarjoaa rentouttavan el\u00e4myksen jopa 6 aikuiselle. Tarvittaessa mahtuu enemm\u00e4n ihmisi\u00e4, varsinkin jos on lapsia, mutta suosittelemme 6 vierasta optimaalisen mukavuuden takaamiseksi. Saunassa on tilava pukeutumistila, jossa on useita istuimia. Lis\u00e4ksi voit nauttia viilent\u00e4v\u00e4st\u00e4 hetkest\u00e4 ulkoterassilla.\u00a0<br \/><br \/><\/div><div class=\"\">Meill\u00e4 on my\u00f6s k\u00e4yt\u00e4nn\u00f6llinen portaikko alas rannalle, jotta voit helposti virkist\u00e4yty\u00e4 meress\u00e4. Jotain, jota suosittelemme vahvasti.<\/div>\t\t\t\t\t\t\t\t<\/div>\n\t\t\t\t<\/div>\n\t\t\t\t\t<\/div>\n\t\t\t\t<\/div>\n\t\t\t\t<\/div>","protected":false},"excerpt":{"rendered":"<p>2-6 henkil\u00f6\u00e4<br \/>\nSaunaajat n\u00e4ytet\u00e4\u00e4n Norjan aikaa<\/p>","protected":false},"featured_media":38332,"template":"","meta":{"_acf_changed":false,"_crdt_document":"","site-sidebar-layout":"default","site-content-layout":"","ast-site-content-layout":"default","site-content-style":"default","site-sidebar-style":"default","ast-global-header-display":"","ast-banner-title-visibility":"","ast-main-header-display":"","ast-hfb-above-header-display":"","ast-hfb-below-header-display":"","ast-hfb-mobile-header-display":"","site-post-title":"","ast-breadcrumbs-content":"","ast-featured-img":"","footer-sml-layout":"","theme-transparent-header-meta":"default","adv-header-id-meta":"","stick-header-meta":"","header-above-stick-meta":"","header-main-stick-meta":"","header-below-stick-meta":"","astra-migrate-meta-layouts":"set","ast-page-background-enabled":"default","ast-page-background-meta":{"desktop":{"background-color":"var(--ast-global-color-4)","background-image":"","background-repeat":"repeat","background-position":"center center","background-size":"auto","background-attachment":"scroll","background-type":"","background-media":"","overlay-type":"","overlay-color":"","overlay-opacity":"","overlay-gradient":""},"tablet":{"background-color":"","background-image":"","background-repeat":"repeat","background-position":"center center","background-size":"auto","background-attachment":"scroll","background-type":"","background-media":"","overlay-type":"","overlay-color":"","overlay-opacity":"","overlay-gradient":""},"mobile":{"background-color":"","background-image":"","background-repeat":"repeat","background-position":"center center","background-size":"auto","background-attachment":"scroll","background-type":"","background-media":"","overlay-type":"","overlay-color":"","overlay-opacity":"","overlay-gradient":""}},"ast-content-background-meta":{"desktop":{"background-color":"var(--ast-global-color-5)","background-image":"","background-repeat":"repeat","background-position":"center center","background-size":"auto","background-attachment":"scroll","background-type":"","background-media":"","overlay-type":"","overlay-color":"","overlay-opacity":"","overlay-gradient":""},"tablet":{"background-color":"var(--ast-global-color-5)","background-image":"","background-repeat":"repeat","background-position":"center center","background-size":"auto","background-attachment":"scroll","background-type":"","background-media":"","overlay-type":"","overlay-color":"","overlay-opacity":"","overlay-gradient":""},"mobile":{"background-color":"var(--ast-global-color-5)","background-image":"","background-repeat":"repeat","background-position":"center center","background-size":"auto","background-attachment":"scroll","background-type":"","background-media":"","overlay-type":"","overlay-color":"","overlay-opacity":"","overlay-gradient":""}},"jetpack_post_was_ever_published":false,"jetpack_publicize_message":"","jetpack_publicize_feature_enabled":true,"jetpack_social_post_already_shared":true,"jetpack_social_options":{"image_generator_settings":{"template":"highway","default_image_id":0,"font":"","enabled":false},"version":2},"_wpas_customize_per_network":false},"product_brand":[],"product_cat":[90],"product_tag":[],"class_list":{"0":"post-37674","1":"product","2":"type-product","3":"status-publish","4":"has-post-thumbnail","6":"product_cat-sauna","7":"desktop-align-left","8":"tablet-align-left","9":"mobile-align-left","11":"first","12":"instock","13":"virtual","14":"sold-individually","15":"purchasable","16":"product-type-booking"},"booking_location":"","booking_location_type":"","booking_duration":2,"booking_duration_unit":"hour","booking_buffer":0,"booking_cost":0,"booking_resources":[],"acf":[],"jetpack_publicize_connections":[],"jetpack_likes_enabled":false,"jetpack_sharing_enabled":false,"jetpack-related-posts":[{"id":39385,"url":"https:\/\/bugoynesopplevelser.no\/fi\/tuote\/asuntovaunupysakointi\/","url_meta":{"origin":37674,"position":0},"title":"Caravan Parking","author":"sofiaska","date":"01\/07\/2024","format":false,"excerpt":"Asuntovaunupaikallamme on 14 s\u00e4hk\u00f6paikkaa matkailuautoille ja asuntovaunuille.","rel":"","context":"Samankaltainen artikkeli","block_context":{"text":"Samankaltainen artikkeli","link":""},"img":{"alt_text":"Bug\u00f8ynes strand ved Varangerfjorden","src":"https:\/\/i0.wp.com\/bugoynesopplevelser.no\/wp-content\/uploads\/2024\/03\/strand2.jpeg?fit=800%2C800&ssl=1&resize=350%2C200","width":350,"height":200,"srcset":"https:\/\/i0.wp.com\/bugoynesopplevelser.no\/wp-content\/uploads\/2024\/03\/strand2.jpeg?fit=800%2C800&ssl=1&resize=350%2C200 1x, https:\/\/i0.wp.com\/bugoynesopplevelser.no\/wp-content\/uploads\/2024\/03\/strand2.jpeg?fit=800%2C800&ssl=1&resize=525%2C300 1.5x, https:\/\/i0.wp.com\/bugoynesopplevelser.no\/wp-content\/uploads\/2024\/03\/strand2.jpeg?fit=800%2C800&ssl=1&resize=700%2C400 2x"},"classes":[]},{"id":37962,"url":"https:\/\/bugoynesopplevelser.no\/fi\/tuote\/hytteja\/","url_meta":{"origin":37674,"position":1},"title":"M\u00f6kit","author":"sofiaska","date":"31\/03\/2024","format":false,"excerpt":"2 yhden hengen vuodetta 2 hengelle, mukaan lukien pyyhe ja liinavaatteet. Kylpyhuone ja suihku ovat erillisess\u00e4 rakennuksessa","rel":"","context":"Samankaltainen artikkeli","block_context":{"text":"Samankaltainen artikkeli","link":""},"img":{"alt_text":"Utsiden av hytte","src":"https:\/\/i0.wp.com\/bugoynesopplevelser.no\/wp-content\/uploads\/2024\/03\/Hytta_1.jpg?fit=800%2C800&ssl=1&resize=350%2C200","width":350,"height":200,"srcset":"https:\/\/i0.wp.com\/bugoynesopplevelser.no\/wp-content\/uploads\/2024\/03\/Hytta_1.jpg?fit=800%2C800&ssl=1&resize=350%2C200 1x, https:\/\/i0.wp.com\/bugoynesopplevelser.no\/wp-content\/uploads\/2024\/03\/Hytta_1.jpg?fit=800%2C800&ssl=1&resize=525%2C300 1.5x, https:\/\/i0.wp.com\/bugoynesopplevelser.no\/wp-content\/uploads\/2024\/03\/Hytta_1.jpg?fit=800%2C800&ssl=1&resize=700%2C400 2x"},"classes":[]}],"_links":{"self":[{"href":"https:\/\/bugoynesopplevelser.no\/fi\/wp-json\/wp\/v2\/product\/37674","targetHints":{"allow":["GET"]}}],"collection":[{"href":"https:\/\/bugoynesopplevelser.no\/fi\/wp-json\/wp\/v2\/product"}],"about":[{"href":"https:\/\/bugoynesopplevelser.no\/fi\/wp-json\/wp\/v2\/types\/product"}],"version-history":[{"count":31,"href":"https:\/\/bugoynesopplevelser.no\/fi\/wp-json\/wp\/v2\/product\/37674\/revisions"}],"predecessor-version":[{"id":42277,"href":"https:\/\/bugoynesopplevelser.no\/fi\/wp-json\/wp\/v2\/product\/37674\/revisions\/42277"}],"wp:featuredmedia":[{"embeddable":true,"href":"https:\/\/bugoynesopplevelser.no\/fi\/wp-json\/wp\/v2\/media\/38332"}],"wp:attachment":[{"href":"https:\/\/bugoynesopplevelser.no\/fi\/wp-json\/wp\/v2\/media?parent=37674"}],"wp:term":[{"taxonomy":"product_brand","embeddable":true,"href":"https:\/\/bugoynesopplevelser.no\/fi\/wp-json\/wp\/v2\/product_brand?post=37674"},{"taxonomy":"product_cat","embeddable":true,"href":"https:\/\/bugoynesopplevelser.no\/fi\/wp-json\/wp\/v2\/product_cat?post=37674"},{"taxonomy":"product_tag","embeddable":true,"href":"https:\/\/bugoynesopplevelser.no\/fi\/wp-json\/wp\/v2\/product_tag?post=37674"}],"curies":[{"name":"wp","href":"https:\/\/api.w.org\/{rel}","templated":true}]}}