{"id":38196,"date":"2024-04-07T12:03:56","date_gmt":"2024-04-07T10:03:56","guid":{"rendered":"https:\/\/bugoynesopplevelser.no\/?page_id=38196"},"modified":"2025-07-09T08:58:02","modified_gmt":"2025-07-09T06:58:02","slug":"ottaa-yhteytta","status":"publish","type":"page","link":"https:\/\/bugoynesopplevelser.no\/fi\/ottaa-yhteytta\/","title":{"rendered":"Ota yhteytt\u00e4"},"content":{"rendered":"<div data-elementor-type=\"wp-page\" data-elementor-id=\"38196\" class=\"elementor elementor-38196\" data-elementor-post-type=\"page\">\n\t\t\t\t<div class=\"elementor-element elementor-element-84bda5c e-flex e-con-boxed e-con e-parent\" data-id=\"84bda5c\" data-element_type=\"container\" data-e-type=\"container\">\n\t\t\t\t\t<div class=\"e-con-inner\">\n\t\t\t\t<div class=\"elementor-element elementor-element-ae6f26a elementor-widget elementor-widget-gallery\" data-id=\"ae6f26a\" data-element_type=\"widget\" data-e-type=\"widget\" data-settings=\"{&quot;aspect_ratio&quot;:&quot;9:16&quot;,&quot;columns_tablet&quot;:4,&quot;columns_mobile&quot;:4,&quot;gallery_layout&quot;:&quot;grid&quot;,&quot;columns&quot;:4,&quot;gap&quot;:{&quot;unit&quot;:&quot;px&quot;,&quot;size&quot;:10,&quot;sizes&quot;:[]},&quot;gap_tablet&quot;:{&quot;unit&quot;:&quot;px&quot;,&quot;size&quot;:10,&quot;sizes&quot;:[]},&quot;gap_mobile&quot;:{&quot;unit&quot;:&quot;px&quot;,&quot;size&quot;:10,&quot;sizes&quot;:[]},&quot;link_to&quot;:&quot;file&quot;,&quot;content_hover_animation&quot;:&quot;fade-in&quot;}\" data-widget_type=\"gallery.default\">\n\t\t\t\t<div class=\"elementor-widget-container\">\n\t\t\t\t\t\t\t<div class=\"elementor-gallery__container\">\n\t\t\t\t\t\t\t<a class=\"e-gallery-item elementor-gallery-item elementor-animated-content\" href=\"https:\/\/i0.wp.com\/bugoynesopplevelser.no\/wp-content\/uploads\/2024\/03\/IMG_2823.jpg?fit=3024%2C4032&#038;ssl=1\" data-elementor-open-lightbox=\"yes\" data-elementor-lightbox-slideshow=\"ae6f26a\" data-elementor-lightbox-title=\"Bugoynes strand\" data-e-action-hash=\"#elementor-action%3Aaction%3Dlightbox%26settings%3DeyJpZCI6MzczMTUsInVybCI6Imh0dHBzOlwvXC9idWdveW5lc29wcGxldmVsc2VyLm5vXC93cC1jb250ZW50XC91cGxvYWRzXC8yMDI0XC8wM1wvSU1HXzI4MjMuanBnIiwic2xpZGVzaG93IjoiYWU2ZjI2YSJ9\">\n\t\t\t\t\t<div class=\"e-gallery-image elementor-gallery-item__image\" data-thumbnail=\"https:\/\/i0.wp.com\/bugoynesopplevelser.no\/wp-content\/uploads\/2024\/03\/IMG_2823.jpg?fit=768%2C1024&amp;ssl=1\" data-width=\"768\" data-height=\"1024\" aria-label=\"Pykeija ranta Varangerfjordin rannalla\" role=\"img\" ><\/div>\n\t\t\t\t\t\t\t\t\t\t\t\t\t\t<\/a>\n\t\t\t\t\t\t\t<a class=\"e-gallery-item elementor-gallery-item elementor-animated-content\" href=\"https:\/\/i0.wp.com\/bugoynesopplevelser.no\/wp-content\/uploads\/2024\/03\/2296A0FF-EA3E-43A6-8E71-5ACDD5647257-78909-00001ED06847F2EF-1.jpg?fit=4160%2C6240&#038;ssl=1\" data-elementor-open-lightbox=\"yes\" data-elementor-lightbox-slideshow=\"ae6f26a\" data-elementor-lightbox-title=\"Hytte\" data-e-action-hash=\"#elementor-action%3Aaction%3Dlightbox%26settings%3DeyJpZCI6Mzc3MTcsInVybCI6Imh0dHBzOlwvXC9idWdveW5lc29wcGxldmVsc2VyLm5vXC93cC1jb250ZW50XC91cGxvYWRzXC8yMDI0XC8wM1wvMjI5NkEwRkYtRUEzRS00M0E2LThFNzEtNUFDREQ1NjQ3MjU3LTc4OTA5LTAwMDAxRUQwNjg0N0YyRUYtMS5qcGciLCJzbGlkZXNob3ciOiJhZTZmMjZhIn0%3D\">\n\t\t\t\t\t<div class=\"e-gallery-image elementor-gallery-item__image\" data-thumbnail=\"https:\/\/i0.wp.com\/bugoynesopplevelser.no\/wp-content\/uploads\/2024\/03\/2296A0FF-EA3E-43A6-8E71-5ACDD5647257-78909-00001ED06847F2EF-1.jpg?fit=683%2C1024&amp;ssl=1\" data-width=\"683\" data-height=\"1024\" aria-label=\"M\u00f6kin ulkopuoli 2\" role=\"img\" ><\/div>\n\t\t\t\t\t\t\t\t\t\t\t\t\t\t<\/a>\n\t\t\t\t\t\t\t<a class=\"e-gallery-item elementor-gallery-item elementor-animated-content\" href=\"https:\/\/i0.wp.com\/bugoynesopplevelser.no\/wp-content\/uploads\/2024\/03\/AA2A644A-8ED7-49CB-950C-8705E3BB895D-78909-00001ED0822827A0.jpg?fit=4160%2C6240&#038;ssl=1\" data-elementor-open-lightbox=\"yes\" data-elementor-lightbox-slideshow=\"ae6f26a\" data-elementor-lightbox-title=\"Bugoynes strand\" data-e-action-hash=\"#elementor-action%3Aaction%3Dlightbox%26settings%3DeyJpZCI6Mzc1MzUsInVybCI6Imh0dHBzOlwvXC9idWdveW5lc29wcGxldmVsc2VyLm5vXC93cC1jb250ZW50XC91cGxvYWRzXC8yMDI0XC8wM1wvQUEyQTY0NEEtOEVENy00OUNCLTk1MEMtODcwNUUzQkI4OTVELTc4OTA5LTAwMDAxRUQwODIyODI3QTAuanBnIiwic2xpZGVzaG93IjoiYWU2ZjI2YSJ9\">\n\t\t\t\t\t<div class=\"e-gallery-image elementor-gallery-item__image\" data-thumbnail=\"https:\/\/i0.wp.com\/bugoynesopplevelser.no\/wp-content\/uploads\/2024\/03\/AA2A644A-8ED7-49CB-950C-8705E3BB895D-78909-00001ED0822827A0.jpg?fit=683%2C1024&amp;ssl=1\" data-width=\"683\" data-height=\"1024\" aria-label=\"Pykeija ranta Varangerfjordin rannalla\" role=\"img\" ><\/div>\n\t\t\t\t\t\t\t\t\t\t\t\t\t\t<\/a>\n\t\t\t\t\t\t\t<a class=\"e-gallery-item elementor-gallery-item elementor-animated-content\" href=\"https:\/\/i0.wp.com\/bugoynesopplevelser.no\/wp-content\/uploads\/2024\/03\/IMG_7701-rotated.jpeg?fit=3024%2C4032&#038;ssl=1\" data-elementor-open-lightbox=\"yes\" data-elementor-lightbox-slideshow=\"ae6f26a\" data-elementor-lightbox-title=\"Bugoynes strand\" data-e-action-hash=\"#elementor-action%3Aaction%3Dlightbox%26settings%3DeyJpZCI6MzczMTYsInVybCI6Imh0dHBzOlwvXC9idWdveW5lc29wcGxldmVsc2VyLm5vXC93cC1jb250ZW50XC91cGxvYWRzXC8yMDI0XC8wM1wvSU1HXzc3MDEtcm90YXRlZC5qcGVnIiwic2xpZGVzaG93IjoiYWU2ZjI2YSJ9\">\n\t\t\t\t\t<div class=\"e-gallery-image elementor-gallery-item__image\" data-thumbnail=\"https:\/\/i0.wp.com\/bugoynesopplevelser.no\/wp-content\/uploads\/2024\/03\/IMG_7701-rotated.jpeg?fit=768%2C1024&amp;ssl=1\" data-width=\"768\" data-height=\"1024\" aria-label=\"Pykeija ranta Varangerfjordin rannalla\" role=\"img\" ><\/div>\n\t\t\t\t\t\t\t\t\t\t\t\t\t\t<\/a>\n\t\t\t\t\t<\/div>\n\t\t\t\t\t<\/div>\n\t\t\t\t<\/div>\n\t\t\t\t\t<\/div>\n\t\t\t\t<\/div>\n\t\t<div class=\"elementor-element elementor-element-26c6bf8 e-flex e-con-boxed e-con e-parent\" data-id=\"26c6bf8\" data-element_type=\"container\" data-e-type=\"container\" data-settings=\"{&quot;background_background&quot;:&quot;classic&quot;}\">\n\t\t\t\t\t<div class=\"e-con-inner\">\n\t\t<div class=\"elementor-element elementor-element-24d8300 e-flex e-con-boxed e-con e-child\" data-id=\"24d8300\" data-element_type=\"container\" data-e-type=\"container\">\n\t\t\t\t\t<div class=\"e-con-inner\">\n\t\t<div class=\"elementor-element elementor-element-2b8870e e-flex e-con-boxed e-con e-child\" data-id=\"2b8870e\" data-element_type=\"container\" data-e-type=\"container\">\n\t\t\t\t\t<div class=\"e-con-inner\">\n\t\t\t\t<div class=\"elementor-element elementor-element-3e79c50 elementor-widget elementor-widget-heading\" data-id=\"3e79c50\" data-element_type=\"widget\" data-e-type=\"widget\" data-widget_type=\"heading.default\">\n\t\t\t\t<div class=\"elementor-widget-container\">\n\t\t\t\t\t<h2 class=\"elementor-heading-title elementor-size-default\">Ota meihin yhteytt\u00e4<\/h2>\t\t\t\t<\/div>\n\t\t\t\t<\/div>\n\t\t\t\t<div class=\"elementor-element elementor-element-f4fd479 elementor-widget elementor-widget-text-editor\" data-id=\"f4fd479\" data-element_type=\"widget\" data-e-type=\"widget\" data-widget_type=\"text-editor.default\">\n\t\t\t\t<div class=\"elementor-widget-container\">\n\t\t\t\t\t\t\t\t\t<p><strong>Vastaanotto: <br \/><\/strong>Vestersandveien 3<br \/>9935 Bug\u00f8ynes<\/p><p><strong>Postiosoite:<\/strong><br \/>Bug\u00f8ynes Sj\u00f8front As<span class=\"Apple-converted-space\">\u00a0<br \/><\/span>Elvenesveien 167<span class=\"Apple-converted-space\">\u00a0<br \/><\/span>9911 Jarfjord<\/p><p><strong>S\u00e4hk\u00f6posti:\u00a0<br \/><a href=\"mailto:post@bugoynesopplevelser.no\" target=\"_blank\" rel=\"noopener\">post@bugoynesopplevelser.no<span class=\"Apple-converted-space\">\u00a0<\/span><\/a><br \/><\/strong><\/p><p><strong>Puhelin:<\/strong><br \/>+47 909 46 035<span class=\"Apple-converted-space\">\u00a0<\/span><\/p>\t\t\t\t\t\t\t\t<\/div>\n\t\t\t\t<\/div>\n\t\t\t\t\t<\/div>\n\t\t\t\t<\/div>\n\t\t<div class=\"elementor-element elementor-element-c9db702 elementor-hidden-mobile e-flex e-con-boxed e-con e-child\" data-id=\"c9db702\" data-element_type=\"container\" data-e-type=\"container\">\n\t\t\t\t\t<div class=\"e-con-inner\">\n\t\t\t\t<div class=\"elementor-element elementor-element-25a9cab elementor-widget elementor-widget-google_maps\" data-id=\"25a9cab\" data-element_type=\"widget\" data-e-type=\"widget\" data-widget_type=\"google_maps.default\">\n\t\t\t\t<div class=\"elementor-widget-container\">\n\t\t\t\t\t\t\t<div class=\"elementor-custom-embed\">\n\t\t\t<iframe loading=\"lazy\"\n\t\t\t\t\tsrc=\"https:\/\/maps.google.com\/maps?q=Vestersandveien%203%2C%209935%20Bug%C3%B8ynes&#038;t=m&#038;z=15&#038;output=embed&#038;iwloc=near\"\n\t\t\t\t\ttitle=\"Vestersandveien 3, 9935 Bug\u00f8ynes\"\n\t\t\t\t\taria-label=\"Vestersandveien 3, 9935 Bug\u00f8ynes\"\n\t\t\t><\/iframe>\n\t\t<\/div>\n\t\t\t\t\t\t<\/div>\n\t\t\t\t<\/div>\n\t\t\t\t\t<\/div>\n\t\t\t\t<\/div>\n\t\t\t\t\t<\/div>\n\t\t\t\t<\/div>\n\t\t\t\t\t<\/div>\n\t\t\t\t<\/div>\n\t\t\t\t<\/div>","protected":false},"excerpt":{"rendered":"<p>Kontakt oss Resepsjon: Vestersandveien 39935 Bug\u00f8ynes Post-adresse:Bug\u00f8ynes Sj\u00f8front As\u00a0Elvenesveien 167\u00a09911 Jarfjord E-post:\u00a0post@bugoynesopplevelser.no\u00a0 Telefon:+47 942 55 400\u00a0<\/p>","protected":false},"author":215398507,"featured_media":0,"parent":0,"menu_order":0,"comment_status":"closed","ping_status":"closed","template":"","meta":{"_acf_changed":false,"_crdt_document":"","site-sidebar-layout":"no-sidebar","site-content-layout":"","ast-site-content-layout":"full-width-container","site-content-style":"default","site-sidebar-style":"default","ast-global-header-display":"","ast-banner-title-visibility":"","ast-main-header-display":"","ast-hfb-above-header-display":"","ast-hfb-below-header-display":"","ast-hfb-mobile-header-display":"","site-post-title":"disabled","ast-breadcrumbs-content":"","ast-featured-img":"disabled","footer-sml-layout":"","theme-transparent-header-meta":"","adv-header-id-meta":"","stick-header-meta":"","header-above-stick-meta":"","header-main-stick-meta":"","header-below-stick-meta":"","astra-migrate-meta-layouts":"default","ast-page-background-enabled":"default","ast-page-background-meta":{"desktop":{"background-color":"var(--ast-global-color-4)","background-image":"","background-repeat":"repeat","background-position":"center center","background-size":"auto","background-attachment":"scroll","background-type":"","background-media":"","overlay-type":"","overlay-color":"","overlay-opacity":"","overlay-gradient":""},"tablet":{"background-color":"","background-image":"","background-repeat":"repeat","background-position":"center center","background-size":"auto","background-attachment":"scroll","background-type":"","background-media":"","overlay-type":"","overlay-color":"","overlay-opacity":"","overlay-gradient":""},"mobile":{"background-color":"","background-image":"","background-repeat":"repeat","background-position":"center center","background-size":"auto","background-attachment":"scroll","background-type":"","background-media":"","overlay-type":"","overlay-color":"","overlay-opacity":"","overlay-gradient":""}},"ast-content-background-meta":{"desktop":{"background-color":"var(--ast-global-color-5)","background-image":"","background-repeat":"repeat","background-position":"center center","background-size":"auto","background-attachment":"scroll","background-type":"","background-media":"","overlay-type":"","overlay-color":"","overlay-opacity":"","overlay-gradient":""},"tablet":{"background-color":"var(--ast-global-color-5)","background-image":"","background-repeat":"repeat","background-position":"center center","background-size":"auto","background-attachment":"scroll","background-type":"","background-media":"","overlay-type":"","overlay-color":"","overlay-opacity":"","overlay-gradient":""},"mobile":{"background-color":"var(--ast-global-color-5)","background-image":"","background-repeat":"repeat","background-position":"center center","background-size":"auto","background-attachment":"scroll","background-type":"","background-media":"","overlay-type":"","overlay-color":"","overlay-opacity":"","overlay-gradient":""}},"jetpack_post_was_ever_published":false,"footnotes":""},"class_list":["post-38196","page","type-page","status-publish","hentry"],"acf":[],"jetpack_likes_enabled":false,"jetpack_sharing_enabled":true,"jetpack-related-posts":[{"id":37435,"url":"https:\/\/bugoynesopplevelser.no\/fi\/ehdot\/","url_meta":{"origin":38196,"position":0},"title":"Vuokrauksen ehdot ja edellytykset","author":"","date":"26\/03\/2024","format":false,"excerpt":"Innledning Dette kj\u00f8pet er regulert av de nedenst\u00e5ende standard salgsbetingelser for forbrukerkj\u00f8p av varer over Internett. Salgsbetingelsene utgj\u00f8r sammen med din bestilling, bekreftet gjennom en ordrebekreftelse, det samlede avtalegrunnlaget for kj\u00f8pet. Disse bestemmelsene gjelder som bindende kontrakt for produkter\/tjenester kj\u00f8pt via www.bugoynesopplevelser.no, bestilling utenom bookingl\u00f8sning, betaling med faktura, og via\u2026","rel":"","context":"Samankaltainen artikkeli","block_context":{"text":"Samankaltainen artikkeli","link":""},"img":{"alt_text":"","src":"","width":0,"height":0},"classes":[]}],"jetpack_shortlink":"https:\/\/wp.me\/PfyxeH-9W4","_links":{"self":[{"href":"https:\/\/bugoynesopplevelser.no\/fi\/wp-json\/wp\/v2\/pages\/38196","targetHints":{"allow":["GET"]}}],"collection":[{"href":"https:\/\/bugoynesopplevelser.no\/fi\/wp-json\/wp\/v2\/pages"}],"about":[{"href":"https:\/\/bugoynesopplevelser.no\/fi\/wp-json\/wp\/v2\/types\/page"}],"author":[{"embeddable":true,"href":"https:\/\/bugoynesopplevelser.no\/fi\/wp-json\/wp\/v2\/users\/215398507"}],"replies":[{"embeddable":true,"href":"https:\/\/bugoynesopplevelser.no\/fi\/wp-json\/wp\/v2\/comments?post=38196"}],"version-history":[{"count":24,"href":"https:\/\/bugoynesopplevelser.no\/fi\/wp-json\/wp\/v2\/pages\/38196\/revisions"}],"predecessor-version":[{"id":44001,"href":"https:\/\/bugoynesopplevelser.no\/fi\/wp-json\/wp\/v2\/pages\/38196\/revisions\/44001"}],"wp:attachment":[{"href":"https:\/\/bugoynesopplevelser.no\/fi\/wp-json\/wp\/v2\/media?parent=38196"}],"curies":[{"name":"wp","href":"https:\/\/api.w.org\/{rel}","templated":true}]}}