{"id":35362,"date":"2021-08-24T09:54:57","date_gmt":"2021-08-24T09:54:57","guid":{"rendered":"https:\/\/solo.wprentals.org\/?page_id=35362"},"modified":"2025-07-04T21:24:04","modified_gmt":"2025-07-04T19:24:04","slug":"koti","status":"publish","type":"page","link":"https:\/\/bugoynesopplevelser.no\/fi","title":{"rendered":"Kotisivu"},"content":{"rendered":"<div data-elementor-type=\"wp-page\" data-elementor-id=\"35362\" class=\"elementor elementor-35362\" data-elementor-post-type=\"page\">\n\t\t\t\t\t\t<section class=\"elementor-section elementor-top-section elementor-element elementor-element-4ecdcef elementor-section-stretched elementor-section-content-middle elementor-section-boxed elementor-section-height-default elementor-section-height-default\" data-id=\"4ecdcef\" data-element_type=\"section\" data-e-type=\"section\" data-settings=\"{&quot;stretch_section&quot;:&quot;section-stretched&quot;,&quot;background_background&quot;:&quot;classic&quot;}\">\n\t\t\t\t\t\t\t<div class=\"elementor-background-overlay\"><\/div>\n\t\t\t\t\t\t\t<div class=\"elementor-container elementor-column-gap-no\">\n\t\t\t\t\t<div class=\"elementor-column elementor-col-50 elementor-top-column elementor-element elementor-element-57af4b8\" data-id=\"57af4b8\" data-element_type=\"column\" data-e-type=\"column\">\n\t\t\t<div class=\"elementor-widget-wrap elementor-element-populated\">\n\t\t\t\t\t\t<div class=\"elementor-element elementor-element-7d62b50 elementor-widget elementor-widget-heading\" data-id=\"7d62b50\" data-element_type=\"widget\" data-e-type=\"widget\" data-widget_type=\"heading.default\">\n\t\t\t\t<div class=\"elementor-widget-container\">\n\t\t\t\t\t<h1 class=\"elementor-heading-title elementor-size-default\">Pykeija<\/h1>\t\t\t\t<\/div>\n\t\t\t\t<\/div>\n\t\t\t\t<div class=\"elementor-element elementor-element-07f7ec5 elementor-widget elementor-widget-heading\" data-id=\"07f7ec5\" data-element_type=\"widget\" data-e-type=\"widget\" data-widget_type=\"heading.default\">\n\t\t\t\t<div class=\"elementor-widget-container\">\n\t\t\t\t\t<p class=\"elementor-heading-title elementor-size-default\">Tervetuloa vieh\u00e4tt\u00e4v\u00e4\u00e4n Pykeija, joka on idyllinen helmi aivan Varangerfjordin rannalla. <\/p>\t\t\t\t<\/div>\n\t\t\t\t<\/div>\n\t\t\t\t\t<\/div>\n\t\t<\/div>\n\t\t\t\t<div class=\"elementor-column elementor-col-50 elementor-top-column elementor-element elementor-element-7955e49\" data-id=\"7955e49\" data-element_type=\"column\" data-e-type=\"column\">\n\t\t\t<div class=\"elementor-widget-wrap\">\n\t\t\t\t\t\t\t<\/div>\n\t\t<\/div>\n\t\t\t\t\t<\/div>\n\t\t<\/section>\n\t\t<div class=\"elementor-element elementor-element-26fe04d e-con-full e-flex e-con e-parent\" data-id=\"26fe04d\" data-element_type=\"container\" data-e-type=\"container\">\n\t\t<div class=\"elementor-element elementor-element-145218b e-con-full e-flex e-con e-child\" data-id=\"145218b\" data-element_type=\"container\" data-e-type=\"container\">\n\t\t\t\t<div class=\"elementor-element elementor-element-e3c2a24 elementor-widget elementor-widget-heading\" data-id=\"e3c2a24\" data-element_type=\"widget\" data-e-type=\"widget\" data-widget_type=\"heading.default\">\n\t\t\t\t<div class=\"elementor-widget-container\">\n\t\t\t\t\t<h2 class=\"elementor-heading-title elementor-size-default\">Majoitus<\/h2>\t\t\t\t<\/div>\n\t\t\t\t<\/div>\n\t\t\t\t<div class=\"elementor-element elementor-element-0b32631 elementor-widget elementor-widget-text-editor\" data-id=\"0b32631\" data-element_type=\"widget\" data-e-type=\"widget\" data-widget_type=\"text-editor.default\">\n\t\t\t\t<div class=\"elementor-widget-container\">\n\t\t\t\t\t\t\t\t\t<p>T\u00e4\u00e4lt\u00e4 voit vuokrata m\u00f6kkej\u00e4mme, jotka sijaitsevat aivan rannan ja meren \u00e4\u00e4rell\u00e4 ja antavat sinulle upean mahdollisuuden nauttia kyl\u00e4n ainutlaatuisesta tunnelmasta. Jos matkustat matkailuautolla tai asuntovaunulla, tarjoamme 14 tehopistett\u00e4.\u00a0<\/p>\t\t\t\t\t\t\t\t<\/div>\n\t\t\t\t<\/div>\n\t\t<div class=\"elementor-element elementor-element-786291c e-flex e-con-boxed e-con e-child\" data-id=\"786291c\" data-element_type=\"container\" data-e-type=\"container\">\n\t\t\t\t\t<div class=\"e-con-inner\">\n\t\t<div class=\"elementor-element elementor-element-6a18443 e-flex e-con-boxed e-con e-child\" data-id=\"6a18443\" data-element_type=\"container\" data-e-type=\"container\">\n\t\t\t\t\t<div class=\"e-con-inner\">\n\t\t\t\t<div class=\"elementor-element elementor-element-ee8bd5f elementor-cta--skin-classic elementor-animated-content elementor-widget elementor-widget-call-to-action\" data-id=\"ee8bd5f\" data-element_type=\"widget\" data-e-type=\"widget\" data-widget_type=\"call-to-action.default\">\n\t\t\t\t<div class=\"elementor-widget-container\">\n\t\t\t\t\t\t\t<a class=\"elementor-cta\" href=\"https:\/\/bugoynesopplevelser.no\/fi\/tuote\/hytteja\/\">\n\t\t\t\t\t<div class=\"elementor-cta__bg-wrapper\">\n\t\t\t\t<div class=\"elementor-cta__bg elementor-bg\" style=\"background-image: url(https:\/\/i0.wp.com\/bugoynesopplevelser.no\/wp-content\/uploads\/2024\/07\/Hytta_1-kopia.jpg?fit=800%2C800&#038;ssl=1);\" role=\"img\" aria-label=\"M\u00f6kin ulkopuolelta\"><\/div>\n\t\t\t\t<div class=\"elementor-cta__bg-overlay\"><\/div>\n\t\t\t<\/div>\n\t\t\t\t\t\t\t<div class=\"elementor-cta__content\">\n\t\t\t\t\n\t\t\t\t\t\t\t\t\t<h2 class=\"elementor-cta__title elementor-cta__content-item elementor-content-item\">\n\t\t\t\t\t\tM\u00f6kit\t\t\t\t\t<\/h2>\n\t\t\t\t\n\t\t\t\t\t\t\t\t\t<div class=\"elementor-cta__description elementor-cta__content-item elementor-content-item\">\n\t\t\t\t\t\t1,495 NOK \/y\u00f6\t\t\t\t\t<\/div>\n\t\t\t\t\n\t\t\t\t\t\t\t\t\t<div class=\"elementor-cta__button-wrapper elementor-cta__content-item elementor-content-item\">\n\t\t\t\t\t<span class=\"elementor-cta__button elementor-button elementor-size-\">\n\t\t\t\t\t\tVaraa nyt\t\t\t\t\t<\/span>\n\t\t\t\t\t<\/div>\n\t\t\t\t\t\t\t<\/div>\n\t\t\t\t\t\t<\/a>\n\t\t\t\t\t\t<\/div>\n\t\t\t\t<\/div>\n\t\t\t\t\t<\/div>\n\t\t\t\t<\/div>\n\t\t<div class=\"elementor-element elementor-element-1c19813 e-flex e-con-boxed e-con e-child\" data-id=\"1c19813\" data-element_type=\"container\" data-e-type=\"container\">\n\t\t\t\t\t<div class=\"e-con-inner\">\n\t\t\t\t<div class=\"elementor-element elementor-element-28eee7b elementor-cta--skin-classic elementor-animated-content elementor-widget elementor-widget-call-to-action\" data-id=\"28eee7b\" data-element_type=\"widget\" data-e-type=\"widget\" data-widget_type=\"call-to-action.default\">\n\t\t\t\t<div class=\"elementor-widget-container\">\n\t\t\t\t\t\t\t<a class=\"elementor-cta\" href=\"https:\/\/bugoynesopplevelser.no\/fi\/tuote\/asuntovaunupysakointi\/\">\n\t\t\t\t\t<div class=\"elementor-cta__bg-wrapper\">\n\t\t\t\t<div class=\"elementor-cta__bg elementor-bg\" style=\"background-image: url(https:\/\/i0.wp.com\/bugoynesopplevelser.no\/wp-content\/uploads\/2024\/03\/IMG_7701-rotated.jpeg?fit=768%2C1024&#038;ssl=1);\" role=\"img\" aria-label=\"Pykeija ranta Varangerfjordin rannalla\"><\/div>\n\t\t\t\t<div class=\"elementor-cta__bg-overlay\"><\/div>\n\t\t\t<\/div>\n\t\t\t\t\t\t\t<div class=\"elementor-cta__content\">\n\t\t\t\t\n\t\t\t\t\t\t\t\t\t<h2 class=\"elementor-cta__title elementor-cta__content-item elementor-content-item\">\n\t\t\t\t\t\tAsuntovaunupys\u00e4k\u00f6inti\t\t\t\t\t<\/h2>\n\t\t\t\t\n\t\t\t\t\t\t\t\t\t<div class=\"elementor-cta__description elementor-cta__content-item elementor-content-item\">\n\t\t\t\t\t\t450 NOK \/y\u00f6\t\t\t\t\t<\/div>\n\t\t\t\t\n\t\t\t\t\t\t\t\t\t<div class=\"elementor-cta__button-wrapper elementor-cta__content-item elementor-content-item\">\n\t\t\t\t\t<span class=\"elementor-cta__button elementor-button elementor-size-\">\n\t\t\t\t\t\tVaraa nyt\t\t\t\t\t<\/span>\n\t\t\t\t\t<\/div>\n\t\t\t\t\t\t\t<\/div>\n\t\t\t\t\t\t<\/a>\n\t\t\t\t\t\t<\/div>\n\t\t\t\t<\/div>\n\t\t\t\t\t<\/div>\n\t\t\t\t<\/div>\n\t\t\t\t\t<\/div>\n\t\t\t\t<\/div>\n\t\t\t\t<\/div>\n\t\t\t\t<\/div>\n\t\t\t\t<section class=\"elementor-section elementor-top-section elementor-element elementor-element-5d05f91 elementor-section-stretched elementor-section-content-middle elementor-section-boxed elementor-section-height-default elementor-section-height-default\" data-id=\"5d05f91\" data-element_type=\"section\" data-e-type=\"section\" data-settings=\"{&quot;stretch_section&quot;:&quot;section-stretched&quot;,&quot;background_background&quot;:&quot;classic&quot;}\">\n\t\t\t\t\t\t\t<div class=\"elementor-background-overlay\"><\/div>\n\t\t\t\t\t\t\t<div class=\"elementor-container elementor-column-gap-no\">\n\t\t\t\t\t<div class=\"elementor-column elementor-col-100 elementor-top-column elementor-element elementor-element-099e186\" data-id=\"099e186\" data-element_type=\"column\" data-e-type=\"column\" data-settings=\"{&quot;background_background&quot;:&quot;classic&quot;}\">\n\t\t\t<div class=\"elementor-widget-wrap elementor-element-populated\">\n\t\t\t\t\t\t<div class=\"elementor-element elementor-element-1e73749 animated-fast elementor-invisible elementor-widget elementor-widget-heading\" data-id=\"1e73749\" data-element_type=\"widget\" data-e-type=\"widget\" data-settings=\"{&quot;_animation&quot;:&quot;fadeIn&quot;,&quot;_animation_delay&quot;:50}\" data-widget_type=\"heading.default\">\n\t\t\t\t<div class=\"elementor-widget-container\">\n\t\t\t\t\t<h2 class=\"elementor-heading-title elementor-size-default\">J\u00e4\u00e4meren Sauna<\/h2>\t\t\t\t<\/div>\n\t\t\t\t<\/div>\n\t\t\t\t<div class=\"elementor-element elementor-element-6b41c21 elementor-widget__width-initial elementor-widget elementor-widget-heading\" data-id=\"6b41c21\" data-element_type=\"widget\" data-e-type=\"widget\" data-widget_type=\"heading.default\">\n\t\t\t\t<div class=\"elementor-widget-container\">\n\t\t\t\t\t<h2 class=\"elementor-heading-title elementor-size-default\">Nimi tarkoittaa &quot;j\u00e4\u00e4saunaa&quot;, koska se sijaitsee ainutlaatuisella paikalla aivan meren vieress\u00e4. <\/h2>\t\t\t\t<\/div>\n\t\t\t\t<\/div>\n\t\t\t\t<div class=\"elementor-element elementor-element-9732d80 elementor-widget elementor-widget-image\" data-id=\"9732d80\" data-element_type=\"widget\" data-e-type=\"widget\" data-widget_type=\"image.default\">\n\t\t\t\t<div class=\"elementor-widget-container\">\n\t\t\t\t\t\t\t\t\t\t\t\t\t\t\t\t<a href=\"https:\/\/bugoynesopplevelser.no\/fi\/tuote\/jaameren-sauna\/\">\n\t\t\t\t\t\t\t<img fetchpriority=\"high\" decoding=\"async\" data-attachment-id=\"38247\" data-permalink=\"https:\/\/bugoynesopplevelser.no\/fi\" data-orig-file=\"https:\/\/i0.wp.com\/bugoynesopplevelser.no\/wp-content\/uploads\/2024\/03\/strand.jpg?fit=800%2C800&amp;ssl=1\" data-orig-size=\"800,800\" data-comments-opened=\"1\" data-image-meta=\"{&quot;aperture&quot;:&quot;2.4&quot;,&quot;credit&quot;:&quot;&quot;,&quot;camera&quot;:&quot;iPhone 11 Pro&quot;,&quot;caption&quot;:&quot;&quot;,&quot;created_timestamp&quot;:&quot;1657918861&quot;,&quot;copyright&quot;:&quot;&quot;,&quot;focal_length&quot;:&quot;1.54&quot;,&quot;iso&quot;:&quot;20&quot;,&quot;shutter_speed&quot;:&quot;0.0013888888888889&quot;,&quot;title&quot;:&quot;&quot;,&quot;orientation&quot;:&quot;1&quot;}\" data-image-title=\"Bug\u00f8ynes strand\" data-image-description=\"\" data-image-caption=\"\" data-medium-file=\"https:\/\/i0.wp.com\/bugoynesopplevelser.no\/wp-content\/uploads\/2024\/03\/strand.jpg?fit=300%2C300&amp;ssl=1\" data-large-file=\"https:\/\/i0.wp.com\/bugoynesopplevelser.no\/wp-content\/uploads\/2024\/03\/strand.jpg?fit=800%2C800&amp;ssl=1\" width=\"800\" height=\"800\" src=\"https:\/\/i0.wp.com\/bugoynesopplevelser.no\/wp-content\/uploads\/2024\/03\/strand.jpg?fit=800%2C800&amp;ssl=1\" class=\"attachment-large size-large wp-image-38247\" alt=\"Pykeija ranta Varangerfjordin rannalla\" srcset=\"https:\/\/i0.wp.com\/bugoynesopplevelser.no\/wp-content\/uploads\/2024\/03\/strand.jpg?w=800&amp;ssl=1 800w, https:\/\/i0.wp.com\/bugoynesopplevelser.no\/wp-content\/uploads\/2024\/03\/strand.jpg?resize=300%2C300&amp;ssl=1 300w, https:\/\/i0.wp.com\/bugoynesopplevelser.no\/wp-content\/uploads\/2024\/03\/strand.jpg?resize=150%2C150&amp;ssl=1 150w, https:\/\/i0.wp.com\/bugoynesopplevelser.no\/wp-content\/uploads\/2024\/03\/strand.jpg?resize=768%2C768&amp;ssl=1 768w, https:\/\/i0.wp.com\/bugoynesopplevelser.no\/wp-content\/uploads\/2024\/03\/strand.jpg?resize=12%2C12&amp;ssl=1 12w, https:\/\/i0.wp.com\/bugoynesopplevelser.no\/wp-content\/uploads\/2024\/03\/strand.jpg?resize=600%2C600&amp;ssl=1 600w, https:\/\/i0.wp.com\/bugoynesopplevelser.no\/wp-content\/uploads\/2024\/03\/strand.jpg?resize=100%2C100&amp;ssl=1 100w\" sizes=\"(max-width: 800px) 100vw, 800px\" \/>\t\t\t\t\t\t\t\t<\/a>\n\t\t\t\t\t\t\t\t\t\t\t\t\t\t\t<\/div>\n\t\t\t\t<\/div>\n\t\t\t\t<div class=\"elementor-element elementor-element-25f1a86 elementor-align-center elementor-widget elementor-widget-button\" data-id=\"25f1a86\" data-element_type=\"widget\" data-e-type=\"widget\" data-widget_type=\"button.default\">\n\t\t\t\t<div class=\"elementor-widget-container\">\n\t\t\t\t\t\t\t\t\t<div class=\"elementor-button-wrapper\">\n\t\t\t\t\t<a class=\"elementor-button elementor-button-link elementor-size-sm\" href=\"https:\/\/bugoynesopplevelser.no\/fi\/tuote\/jaameren-sauna\/\">\n\t\t\t\t\t\t<span class=\"elementor-button-content-wrapper\">\n\t\t\t\t\t\t\t\t\t<span class=\"elementor-button-text\">Varaa nyt<\/span>\n\t\t\t\t\t<\/span>\n\t\t\t\t\t<\/a>\n\t\t\t\t<\/div>\n\t\t\t\t\t\t\t\t<\/div>\n\t\t\t\t<\/div>\n\t\t\t\t\t<\/div>\n\t\t<\/div>\n\t\t\t\t\t<\/div>\n\t\t<\/section>\n\t\t\t\t<\/div>","protected":false},"excerpt":{"rendered":"<p>Bug\u00f8ynes opplevelser Velkommen til sjarmerende Bug\u00f8ynes, en idyllisk perle rett ved Varangerfjorden. Overnatting Her kan du leie hyttene v\u00e5re som [&hellip;]<\/p>\n","protected":false},"author":215398507,"featured_media":0,"parent":0,"menu_order":0,"comment_status":"closed","ping_status":"closed","template":"elementor_header_footer","meta":{"_acf_changed":false,"_crdt_document":"","site-sidebar-layout":"default","site-content-layout":"","ast-site-content-layout":"","site-content-style":"default","site-sidebar-style":"default","ast-global-header-display":"","ast-banner-title-visibility":"","ast-main-header-display":"","ast-hfb-above-header-display":"","ast-hfb-below-header-display":"","ast-hfb-mobile-header-display":"","site-post-title":"","ast-breadcrumbs-content":"","ast-featured-img":"","footer-sml-layout":"","theme-transparent-header-meta":"","adv-header-id-meta":"","stick-header-meta":"","header-above-stick-meta":"","header-main-stick-meta":"","header-below-stick-meta":"","astra-migrate-meta-layouts":"default","ast-page-background-enabled":"default","ast-page-background-meta":{"desktop":{"background-color":"var(--ast-global-color-4)","background-image":"","background-repeat":"repeat","background-position":"center center","background-size":"auto","background-attachment":"scroll","background-type":"","background-media":"","overlay-type":"","overlay-color":"","overlay-opacity":"","overlay-gradient":""},"tablet":{"background-color":"","background-image":"","background-repeat":"repeat","background-position":"center center","background-size":"auto","background-attachment":"scroll","background-type":"","background-media":"","overlay-type":"","overlay-color":"","overlay-opacity":"","overlay-gradient":""},"mobile":{"background-color":"","background-image":"","background-repeat":"repeat","background-position":"center center","background-size":"auto","background-attachment":"scroll","background-type":"","background-media":"","overlay-type":"","overlay-color":"","overlay-opacity":"","overlay-gradient":""}},"ast-content-background-meta":{"desktop":{"background-color":"var(--ast-global-color-5)","background-image":"","background-repeat":"repeat","background-position":"center center","background-size":"auto","background-attachment":"scroll","background-type":"","background-media":"","overlay-type":"","overlay-color":"","overlay-opacity":"","overlay-gradient":""},"tablet":{"background-color":"var(--ast-global-color-5)","background-image":"","background-repeat":"repeat","background-position":"center center","background-size":"auto","background-attachment":"scroll","background-type":"","background-media":"","overlay-type":"","overlay-color":"","overlay-opacity":"","overlay-gradient":""},"mobile":{"background-color":"var(--ast-global-color-5)","background-image":"","background-repeat":"repeat","background-position":"center center","background-size":"auto","background-attachment":"scroll","background-type":"","background-media":"","overlay-type":"","overlay-color":"","overlay-opacity":"","overlay-gradient":""}},"jetpack_post_was_ever_published":true,"footnotes":""},"class_list":["post-35362","page","type-page","status-publish","hentry"],"acf":[],"jetpack_likes_enabled":false,"jetpack_sharing_enabled":true,"jetpack-related-posts":[{"id":37435,"url":"https:\/\/bugoynesopplevelser.no\/fi\/ehdot\/","url_meta":{"origin":35362,"position":0},"title":"Vuokrauksen ehdot ja edellytykset","author":"","date":"26\/03\/2024","format":false,"excerpt":"Innledning Dette kj\u00f8pet er regulert av de nedenst\u00e5ende standard salgsbetingelser for forbrukerkj\u00f8p av varer over Internett. Salgsbetingelsene utgj\u00f8r sammen med din bestilling, bekreftet gjennom en ordrebekreftelse, det samlede avtalegrunnlaget for kj\u00f8pet. Disse bestemmelsene gjelder som bindende kontrakt for produkter\/tjenester kj\u00f8pt via www.bugoynesopplevelser.no, bestilling utenom bookingl\u00f8sning, betaling med faktura, og via\u2026","rel":"","context":"Samankaltainen artikkeli","block_context":{"text":"Samankaltainen artikkeli","link":""},"img":{"alt_text":"","src":"","width":0,"height":0},"classes":[]},{"id":38196,"url":"https:\/\/bugoynesopplevelser.no\/fi\/ottaa-yhteytta\/","url_meta":{"origin":35362,"position":1},"title":"Ota yhteytt\u00e4","author":"sofiaska","date":"07\/04\/2024","format":false,"excerpt":"Ota yhteytt\u00e4 Vastaanotto: Vestersandveien 39935 Bug\u00f8ynes Postiosoite: Bug\u00f8ynes Sj\u00f8front As Elvenesveien 167 9911 Jarfjord S\u00e4hk\u00f6posti: post@bugoynesopplesseser.no Puhelin: +47 942 55 400\u00a0","rel":"","context":"Samankaltainen artikkeli","block_context":{"text":"Samankaltainen artikkeli","link":""},"img":{"alt_text":"","src":"","width":0,"height":0},"classes":[]},{"id":38734,"url":"https:\/\/bugoynesopplevelser.no\/fi\/ostoskori-2\/","url_meta":{"origin":35362,"position":2},"title":"Ostosk\u00e4rry","author":"Susanne Wivesoll","date":"28\/05\/2024","format":false,"excerpt":"Handlekurv Fjern element Miniatyrbilde Produkt Pris Antall Delsum J\u00e4\u00e4meren sauna Reservasjonsdato: 30\/05\/2024 Reservasjonstidspunkt: 10:00 Voksen - 350kr: 2 700,00\u00a0kr J\u00e4\u00e4meren sauna antall 700,00\u00a0kr TOTALT I HANDLEKURVEN Delsum 700,00\u00a0kr Totalt 700,00\u00a0kr Fortsett til kassen","rel":"","context":"Samankaltainen artikkeli","block_context":{"text":"Samankaltainen artikkeli","link":""},"img":{"alt_text":"Bug\u00f8ynes strand","src":"https:\/\/i0.wp.com\/bugoynesopplevelser.no\/wp-content\/uploads\/2024\/03\/strand-1-300x300.jpg?resize=350%2C200&ssl=1","width":350,"height":200},"classes":[]}],"jetpack_shortlink":"https:\/\/wp.me\/PfyxeH-9cm","_links":{"self":[{"href":"https:\/\/bugoynesopplevelser.no\/fi\/wp-json\/wp\/v2\/pages\/35362","targetHints":{"allow":["GET"]}}],"collection":[{"href":"https:\/\/bugoynesopplevelser.no\/fi\/wp-json\/wp\/v2\/pages"}],"about":[{"href":"https:\/\/bugoynesopplevelser.no\/fi\/wp-json\/wp\/v2\/types\/page"}],"author":[{"embeddable":true,"href":"https:\/\/bugoynesopplevelser.no\/fi\/wp-json\/wp\/v2\/users\/215398507"}],"replies":[{"embeddable":true,"href":"https:\/\/bugoynesopplevelser.no\/fi\/wp-json\/wp\/v2\/comments?post=35362"}],"version-history":[{"count":100,"href":"https:\/\/bugoynesopplevelser.no\/fi\/wp-json\/wp\/v2\/pages\/35362\/revisions"}],"predecessor-version":[{"id":43746,"href":"https:\/\/bugoynesopplevelser.no\/fi\/wp-json\/wp\/v2\/pages\/35362\/revisions\/43746"}],"wp:attachment":[{"href":"https:\/\/bugoynesopplevelser.no\/fi\/wp-json\/wp\/v2\/media?parent=35362"}],"curies":[{"name":"wp","href":"https:\/\/api.w.org\/{rel}","templated":true}]}}